{"id":480,"date":"2022-11-21T15:48:24","date_gmt":"2022-11-21T14:48:24","guid":{"rendered":"https:\/\/www.esd-protect.de\/?page_id=480"},"modified":"2024-03-19T10:31:32","modified_gmt":"2024-03-19T09:31:32","slug":"esd-branchenloesungen","status":"publish","type":"page","link":"https:\/\/www.esd-protect.de\/de\/kompetenzen\/esd-branchenloesungen\/","title":{"rendered":"ESD-Branchenl\u00f6sungen"},"content":{"rendered":"<h5>ESD-PROTECT<\/h5>\n<h2>ESD-Konzepte<\/h2>\n<h2>f\u00fcr jede Branche<\/h2>\n<\/h2>\n<h5>F\u00fcr jede Branche die richtige L\u00f6sung<\/h5>\n<p>Unsere Kunden kommen aus den unterschiedlichsten Bereichen, f\u00fcr die wir ma\u00dfgeschneiderte L\u00f6sungen anbieten. Diese k\u00f6nnen sowohl ganzheitliche ESD-Verpackungskonzepte f\u00fcr die komplette Logistikkette sein, sowie auch die komplette Ausstattung der Produktion mit ESD-Produkten und ESD-Messger\u00e4ten.\u00a0<\/p>\n<ul>\n<li>Elektronikfertigung<\/li>\n<li>Automobilhersteller und Zulieferindustrie<\/li>\n<li>Luft- und Raumfahrt<\/li>\n<li>Medizintechnik<\/li>\n<li>Maschinenbau<\/li>\n<\/ul>\n<p>Der\u00a0ESD-Schutz\u00a0in der Automobilbranche gewinnt immer mehr an Bedeutung. Aus diesem Anlass veranstalten wir in Verbindung mit unserer ESD-Akademie j\u00e4hrlich ein\u00a0<strong>Symposium f\u00fcr die Automobilindustrie<\/strong>, bei dem\u00a0alle relevanten Themen\u00a0durch interessante Fachvortr\u00e4ge seitens der ESD-Akademie und durch Gastvortr\u00e4ge von verantwortlichen Mitarbeitern der Automobilindustrie erg\u00e4nzt werden.<\/p>\n<p>Auch das\u00a0<strong>zukunftsweisende Thema der E-Mobilit\u00e4t\u00a0<\/strong>wird entsprechend ausf\u00fchrlich behandelt.\u00a0<\/p>\n<p>\t\t\t<a href=\"https:\/\/www.esd-akademie.de\/de\/startseite\/\" target=\"_blank\" rel=\"noopener\"><br \/>\n\t\t\t\t\t\tmehr info<br \/>\n\t\t\t\t\t<\/a><\/p>\n<h5>Warten Sie nicht,<\/h5>\n<h5>rufen Sie uns jetzt an:<\/h5>\n<p>\t\t\t\t\t\t\t\t\t\t\t\t\t<img fetchpriority=\"high\" decoding=\"async\" width=\"200\" height=\"250\" src=\"https:\/\/www.esd-protect.de\/wp-content\/uploads\/2024\/03\/Telefon-ESD-Protect-neues-Logo.jpg\" alt=\"\" \/><br \/>\n\t\t<a href=\"tel:+492689928700\">02689 92870-0<\/a><\/p>\n","protected":false},"excerpt":{"rendered":"<p>ESD-PROTECT ESD-Konzepte f\u00fcr jede Branche F\u00fcr jede Branche die richtige L\u00f6sung Unsere Kunden kommen aus den unterschiedlichsten Bereichen, f\u00fcr die wir ma\u00dfgeschneiderte L\u00f6sungen anbieten. Diese k\u00f6nnen sowohl ganzheitliche ESD-Verpackungskonzepte f\u00fcr die komplette Logistikkette sein, sowie auch die komplette Ausstattung der Produktion mit ESD-Produkten und ESD-Messger\u00e4ten.\u00a0 Elektronikfertigung Automobilhersteller und Zulieferindustrie Luft- und Raumfahrt Medizintechnik Maschinenbau Der\u00a0ESD-Schutz\u00a0in [&hellip;]<\/p>\n","protected":false},"author":1,"featured_media":0,"parent":322,"menu_order":4,"comment_status":"closed","ping_status":"closed","template":"","meta":{"_acf_changed":false,"inline_featured_image":false,"footnotes":""},"class_list":["post-480","page","type-page","status-publish","hentry"],"acf":[],"yoast_head":"<!-- This site is optimized with the Yoast SEO plugin v27.6 - https:\/\/yoast.com\/product\/yoast-seo-wordpress\/ -->\n<title>ESD-Protect GmbH | ESD-Branchenl\u00f6sungen | Schutz gegen Elektrostatik<\/title>\n<meta name=\"robots\" content=\"index, follow, max-snippet:-1, max-image-preview:large, max-video-preview:-1\" \/>\n<link rel=\"canonical\" href=\"https:\/\/www.esd-protect.de\/de\/kompetenzen\/esd-branchenloesungen\/\" \/>\n<meta property=\"og:locale\" content=\"de_DE\" \/>\n<meta property=\"og:type\" content=\"article\" \/>\n<meta property=\"og:title\" content=\"ESD-Protect GmbH | ESD-Branchenl\u00f6sungen | Schutz gegen Elektrostatik\" \/>\n<meta property=\"og:description\" content=\"ESD-PROTECT ESD-Konzepte f\u00fcr jede Branche F\u00fcr jede Branche die richtige L\u00f6sung Unsere Kunden kommen aus den unterschiedlichsten Bereichen, f\u00fcr die wir ma\u00dfgeschneiderte L\u00f6sungen anbieten. Diese k\u00f6nnen sowohl ganzheitliche ESD-Verpackungskonzepte f\u00fcr die komplette Logistikkette sein, sowie auch die komplette Ausstattung der Produktion mit ESD-Produkten und ESD-Messger\u00e4ten.\u00a0 Elektronikfertigung Automobilhersteller und Zulieferindustrie Luft- und Raumfahrt Medizintechnik Maschinenbau Der\u00a0ESD-Schutz\u00a0in [&hellip;]\" \/>\n<meta property=\"og:url\" content=\"https:\/\/www.esd-protect.de\/de\/kompetenzen\/esd-branchenloesungen\/\" \/>\n<meta property=\"og:site_name\" content=\"ESD-PROTECT\" \/>\n<meta property=\"article:modified_time\" content=\"2024-03-19T09:31:32+00:00\" \/>\n<meta property=\"og:image\" content=\"https:\/\/www.esd-protect.de\/wp-content\/uploads\/2024\/03\/Telefon-ESD-Protect-neues-Logo.jpg\" \/>\n<meta name=\"twitter:card\" content=\"summary_large_image\" \/>\n<meta name=\"twitter:label1\" content=\"Gesch\u00e4tzte Lesezeit\" \/>\n\t<meta name=\"twitter:data1\" content=\"1\u00a0Minute\" \/>\n<script type=\"application\/ld+json\" class=\"yoast-schema-graph\">{\"@context\":\"https:\\\/\\\/schema.org\",\"@graph\":[{\"@type\":\"WebPage\",\"@id\":\"https:\\\/\\\/www.esd-protect.de\\\/de\\\/kompetenzen\\\/esd-branchenloesungen\\\/\",\"url\":\"https:\\\/\\\/www.esd-protect.de\\\/de\\\/kompetenzen\\\/esd-branchenloesungen\\\/\",\"name\":\"ESD-Protect GmbH | ESD-Branchenl\u00f6sungen | Schutz gegen Elektrostatik\",\"isPartOf\":{\"@id\":\"https:\\\/\\\/www.esd-protect.de\\\/de\\\/#website\"},\"primaryImageOfPage\":{\"@id\":\"https:\\\/\\\/www.esd-protect.de\\\/de\\\/kompetenzen\\\/esd-branchenloesungen\\\/#primaryimage\"},\"image\":{\"@id\":\"https:\\\/\\\/www.esd-protect.de\\\/de\\\/kompetenzen\\\/esd-branchenloesungen\\\/#primaryimage\"},\"thumbnailUrl\":\"https:\\\/\\\/www.esd-protect.de\\\/wp-content\\\/uploads\\\/2024\\\/03\\\/Telefon-ESD-Protect-neues-Logo.jpg\",\"datePublished\":\"2022-11-21T14:48:24+00:00\",\"dateModified\":\"2024-03-19T09:31:32+00:00\",\"breadcrumb\":{\"@id\":\"https:\\\/\\\/www.esd-protect.de\\\/de\\\/kompetenzen\\\/esd-branchenloesungen\\\/#breadcrumb\"},\"inLanguage\":\"de\",\"potentialAction\":[{\"@type\":\"ReadAction\",\"target\":[\"https:\\\/\\\/www.esd-protect.de\\\/de\\\/kompetenzen\\\/esd-branchenloesungen\\\/\"]}]},{\"@type\":\"ImageObject\",\"inLanguage\":\"de\",\"@id\":\"https:\\\/\\\/www.esd-protect.de\\\/de\\\/kompetenzen\\\/esd-branchenloesungen\\\/#primaryimage\",\"url\":\"https:\\\/\\\/www.esd-protect.de\\\/wp-content\\\/uploads\\\/2024\\\/03\\\/Telefon-ESD-Protect-neues-Logo.jpg\",\"contentUrl\":\"https:\\\/\\\/www.esd-protect.de\\\/wp-content\\\/uploads\\\/2024\\\/03\\\/Telefon-ESD-Protect-neues-Logo.jpg\"},{\"@type\":\"BreadcrumbList\",\"@id\":\"https:\\\/\\\/www.esd-protect.de\\\/de\\\/kompetenzen\\\/esd-branchenloesungen\\\/#breadcrumb\",\"itemListElement\":[{\"@type\":\"ListItem\",\"position\":1,\"name\":\"Startseite\",\"item\":\"https:\\\/\\\/www.esd-protect.de\\\/de\\\/\"},{\"@type\":\"ListItem\",\"position\":2,\"name\":\"Kompetenzen\",\"item\":\"https:\\\/\\\/www.esd-protect.de\\\/de\\\/?page_id=322\"},{\"@type\":\"ListItem\",\"position\":3,\"name\":\"ESD-Branchenl\u00f6sungen\"}]},{\"@type\":\"WebSite\",\"@id\":\"https:\\\/\\\/www.esd-protect.de\\\/de\\\/#website\",\"url\":\"https:\\\/\\\/www.esd-protect.de\\\/de\\\/\",\"name\":\"ESD-PROTECT\",\"description\":\"\",\"publisher\":{\"@id\":\"https:\\\/\\\/www.esd-protect.de\\\/de\\\/#organization\"},\"potentialAction\":[{\"@type\":\"SearchAction\",\"target\":{\"@type\":\"EntryPoint\",\"urlTemplate\":\"https:\\\/\\\/www.esd-protect.de\\\/de\\\/?s={search_term_string}\"},\"query-input\":{\"@type\":\"PropertyValueSpecification\",\"valueRequired\":true,\"valueName\":\"search_term_string\"}}],\"inLanguage\":\"de\"},{\"@type\":\"Organization\",\"@id\":\"https:\\\/\\\/www.esd-protect.de\\\/de\\\/#organization\",\"name\":\"ESD-Protect GmbH\",\"url\":\"https:\\\/\\\/www.esd-protect.de\\\/de\\\/\",\"logo\":{\"@type\":\"ImageObject\",\"inLanguage\":\"de\",\"@id\":\"https:\\\/\\\/www.esd-protect.de\\\/de\\\/#\\\/schema\\\/logo\\\/image\\\/\",\"url\":\"https:\\\/\\\/www.esd-protect.de\\\/wp-content\\\/uploads\\\/2022\\\/11\\\/Logo-EP-rot-web.png\",\"contentUrl\":\"https:\\\/\\\/www.esd-protect.de\\\/wp-content\\\/uploads\\\/2022\\\/11\\\/Logo-EP-rot-web.png\",\"width\":368,\"height\":93,\"caption\":\"ESD-Protect GmbH\"},\"image\":{\"@id\":\"https:\\\/\\\/www.esd-protect.de\\\/de\\\/#\\\/schema\\\/logo\\\/image\\\/\"}}]}<\/script>\n<!-- \/ Yoast SEO plugin. -->","yoast_head_json":{"title":"ESD-Protect GmbH | ESD-Branchenl\u00f6sungen | Schutz gegen Elektrostatik","robots":{"index":"index","follow":"follow","max-snippet":"max-snippet:-1","max-image-preview":"max-image-preview:large","max-video-preview":"max-video-preview:-1"},"canonical":"https:\/\/www.esd-protect.de\/de\/kompetenzen\/esd-branchenloesungen\/","og_locale":"de_DE","og_type":"article","og_title":"ESD-Protect GmbH | ESD-Branchenl\u00f6sungen | Schutz gegen Elektrostatik","og_description":"ESD-PROTECT ESD-Konzepte f\u00fcr jede Branche F\u00fcr jede Branche die richtige L\u00f6sung Unsere Kunden kommen aus den unterschiedlichsten Bereichen, f\u00fcr die wir ma\u00dfgeschneiderte L\u00f6sungen anbieten. Diese k\u00f6nnen sowohl ganzheitliche ESD-Verpackungskonzepte f\u00fcr die komplette Logistikkette sein, sowie auch die komplette Ausstattung der Produktion mit ESD-Produkten und ESD-Messger\u00e4ten.\u00a0 Elektronikfertigung Automobilhersteller und Zulieferindustrie Luft- und Raumfahrt Medizintechnik Maschinenbau Der\u00a0ESD-Schutz\u00a0in [&hellip;]","og_url":"https:\/\/www.esd-protect.de\/de\/kompetenzen\/esd-branchenloesungen\/","og_site_name":"ESD-PROTECT","article_modified_time":"2024-03-19T09:31:32+00:00","og_image":[{"url":"https:\/\/www.esd-protect.de\/wp-content\/uploads\/2024\/03\/Telefon-ESD-Protect-neues-Logo.jpg","type":"","width":"","height":""}],"twitter_card":"summary_large_image","twitter_misc":{"Gesch\u00e4tzte Lesezeit":"1\u00a0Minute"},"schema":{"@context":"https:\/\/schema.org","@graph":[{"@type":"WebPage","@id":"https:\/\/www.esd-protect.de\/de\/kompetenzen\/esd-branchenloesungen\/","url":"https:\/\/www.esd-protect.de\/de\/kompetenzen\/esd-branchenloesungen\/","name":"ESD-Protect GmbH | ESD-Branchenl\u00f6sungen | Schutz gegen Elektrostatik","isPartOf":{"@id":"https:\/\/www.esd-protect.de\/de\/#website"},"primaryImageOfPage":{"@id":"https:\/\/www.esd-protect.de\/de\/kompetenzen\/esd-branchenloesungen\/#primaryimage"},"image":{"@id":"https:\/\/www.esd-protect.de\/de\/kompetenzen\/esd-branchenloesungen\/#primaryimage"},"thumbnailUrl":"https:\/\/www.esd-protect.de\/wp-content\/uploads\/2024\/03\/Telefon-ESD-Protect-neues-Logo.jpg","datePublished":"2022-11-21T14:48:24+00:00","dateModified":"2024-03-19T09:31:32+00:00","breadcrumb":{"@id":"https:\/\/www.esd-protect.de\/de\/kompetenzen\/esd-branchenloesungen\/#breadcrumb"},"inLanguage":"de","potentialAction":[{"@type":"ReadAction","target":["https:\/\/www.esd-protect.de\/de\/kompetenzen\/esd-branchenloesungen\/"]}]},{"@type":"ImageObject","inLanguage":"de","@id":"https:\/\/www.esd-protect.de\/de\/kompetenzen\/esd-branchenloesungen\/#primaryimage","url":"https:\/\/www.esd-protect.de\/wp-content\/uploads\/2024\/03\/Telefon-ESD-Protect-neues-Logo.jpg","contentUrl":"https:\/\/www.esd-protect.de\/wp-content\/uploads\/2024\/03\/Telefon-ESD-Protect-neues-Logo.jpg"},{"@type":"BreadcrumbList","@id":"https:\/\/www.esd-protect.de\/de\/kompetenzen\/esd-branchenloesungen\/#breadcrumb","itemListElement":[{"@type":"ListItem","position":1,"name":"Startseite","item":"https:\/\/www.esd-protect.de\/de\/"},{"@type":"ListItem","position":2,"name":"Kompetenzen","item":"https:\/\/www.esd-protect.de\/de\/?page_id=322"},{"@type":"ListItem","position":3,"name":"ESD-Branchenl\u00f6sungen"}]},{"@type":"WebSite","@id":"https:\/\/www.esd-protect.de\/de\/#website","url":"https:\/\/www.esd-protect.de\/de\/","name":"ESD-PROTECT","description":"","publisher":{"@id":"https:\/\/www.esd-protect.de\/de\/#organization"},"potentialAction":[{"@type":"SearchAction","target":{"@type":"EntryPoint","urlTemplate":"https:\/\/www.esd-protect.de\/de\/?s={search_term_string}"},"query-input":{"@type":"PropertyValueSpecification","valueRequired":true,"valueName":"search_term_string"}}],"inLanguage":"de"},{"@type":"Organization","@id":"https:\/\/www.esd-protect.de\/de\/#organization","name":"ESD-Protect GmbH","url":"https:\/\/www.esd-protect.de\/de\/","logo":{"@type":"ImageObject","inLanguage":"de","@id":"https:\/\/www.esd-protect.de\/de\/#\/schema\/logo\/image\/","url":"https:\/\/www.esd-protect.de\/wp-content\/uploads\/2022\/11\/Logo-EP-rot-web.png","contentUrl":"https:\/\/www.esd-protect.de\/wp-content\/uploads\/2022\/11\/Logo-EP-rot-web.png","width":368,"height":93,"caption":"ESD-Protect GmbH"},"image":{"@id":"https:\/\/www.esd-protect.de\/de\/#\/schema\/logo\/image\/"}}]}},"_links":{"self":[{"href":"https:\/\/www.esd-protect.de\/de\/wp-json\/wp\/v2\/pages\/480","targetHints":{"allow":["GET"]}}],"collection":[{"href":"https:\/\/www.esd-protect.de\/de\/wp-json\/wp\/v2\/pages"}],"about":[{"href":"https:\/\/www.esd-protect.de\/de\/wp-json\/wp\/v2\/types\/page"}],"author":[{"embeddable":true,"href":"https:\/\/www.esd-protect.de\/de\/wp-json\/wp\/v2\/users\/1"}],"replies":[{"embeddable":true,"href":"https:\/\/www.esd-protect.de\/de\/wp-json\/wp\/v2\/comments?post=480"}],"version-history":[{"count":3,"href":"https:\/\/www.esd-protect.de\/de\/wp-json\/wp\/v2\/pages\/480\/revisions"}],"predecessor-version":[{"id":4759,"href":"https:\/\/www.esd-protect.de\/de\/wp-json\/wp\/v2\/pages\/480\/revisions\/4759"}],"up":[{"embeddable":true,"href":"https:\/\/www.esd-protect.de\/de\/wp-json\/wp\/v2\/pages\/322"}],"wp:attachment":[{"href":"https:\/\/www.esd-protect.de\/de\/wp-json\/wp\/v2\/media?parent=480"}],"curies":[{"name":"wp","href":"https:\/\/api.w.org\/{rel}","templated":true}]}}