{"id":489,"date":"2022-11-21T15:50:43","date_gmt":"2022-11-21T14:50:43","guid":{"rendered":"https:\/\/www.esd-protect.de\/?page_id=489"},"modified":"2025-11-11T12:10:12","modified_gmt":"2025-11-11T11:10:12","slug":"kontakt","status":"publish","type":"page","link":"https:\/\/www.esd-protect.de\/de\/unternehmen\/kontakt\/","title":{"rendered":"Kontakt"},"content":{"rendered":"\t\t<div data-elementor-type=\"wp-page\" data-elementor-id=\"489\" class=\"elementor elementor-489\" data-elementor-post-type=\"page\">\n\t\t\t\t\t\t<section class=\"elementor-section elementor-top-section elementor-element elementor-element-6d4e53a hero elementor-section-boxed elementor-section-height-default elementor-section-height-default\" data-id=\"6d4e53a\" data-element_type=\"section\" data-e-type=\"section\" data-settings=\"{&quot;background_background&quot;:&quot;classic&quot;,&quot;animation&quot;:&quot;none&quot;}\">\n\t\t\t\t\t\t<div class=\"elementor-container elementor-column-gap-no\">\n\t\t\t\t\t<div class=\"elementor-column elementor-col-100 elementor-top-column elementor-element elementor-element-696e8695\" data-id=\"696e8695\" data-element_type=\"column\" data-e-type=\"column\">\n\t\t\t<div class=\"elementor-widget-wrap elementor-element-populated\">\n\t\t\t\t\t\t<div class=\"elementor-element elementor-element-22a5ca11 elementor-widget__width-inherit elementor-widget elementor-widget-image\" data-id=\"22a5ca11\" data-element_type=\"widget\" data-e-type=\"widget\" data-widget_type=\"image.default\">\n\t\t\t\t<div class=\"elementor-widget-container\">\n\t\t\t\t\t\t\t\t\t\t\t\t\t\t\t<img fetchpriority=\"high\" decoding=\"async\" width=\"1920\" height=\"796\" src=\"https:\/\/www.esd-protect.de\/wp-content\/uploads\/2025\/10\/header-historie.jpg\" class=\"attachment-full size-full wp-image-6908\" alt=\"\" srcset=\"https:\/\/www.esd-protect.de\/wp-content\/uploads\/2025\/10\/header-historie.jpg 1920w, https:\/\/www.esd-protect.de\/wp-content\/uploads\/2025\/10\/header-historie-300x124.jpg 300w, https:\/\/www.esd-protect.de\/wp-content\/uploads\/2025\/10\/header-historie-1024x425.jpg 1024w, https:\/\/www.esd-protect.de\/wp-content\/uploads\/2025\/10\/header-historie-768x318.jpg 768w, https:\/\/www.esd-protect.de\/wp-content\/uploads\/2025\/10\/header-historie-1536x637.jpg 1536w\" sizes=\"(max-width: 1920px) 100vw, 1920px\" \/>\t\t\t\t\t\t\t\t\t\t\t\t\t\t\t<\/div>\n\t\t\t\t<\/div>\n\t\t\t\t<div class=\"elementor-element elementor-element-72854d1b elementor-absolute elementor-widget__width-auto elementor-widget elementor-widget-image\" data-id=\"72854d1b\" data-element_type=\"widget\" data-e-type=\"widget\" data-settings=\"{&quot;_position&quot;:&quot;absolute&quot;}\" data-widget_type=\"image.default\">\n\t\t\t\t<div class=\"elementor-widget-container\">\n\t\t\t\t\t\t\t\t\t\t\t\t\t\t\t<img decoding=\"async\" width=\"180\" height=\"180\" src=\"https:\/\/www.esd-protect.de\/wp-content\/uploads\/2025\/10\/yellow-icon.jpg\" class=\"attachment-medium size-medium wp-image-5152\" alt=\"\" srcset=\"https:\/\/www.esd-protect.de\/wp-content\/uploads\/2025\/10\/yellow-icon.jpg 180w, https:\/\/www.esd-protect.de\/wp-content\/uploads\/2025\/10\/yellow-icon-150x150.jpg 150w\" sizes=\"(max-width: 180px) 100vw, 180px\" \/>\t\t\t\t\t\t\t\t\t\t\t\t\t\t\t<\/div>\n\t\t\t\t<\/div>\n\t\t\t\t\t<\/div>\n\t\t<\/div>\n\t\t\t\t\t<\/div>\n\t\t<\/section>\n\t\t\t\t<section class=\"elementor-section elementor-top-section elementor-element elementor-element-596fbb5 elementor-section-boxed elementor-section-height-default elementor-section-height-default\" data-id=\"596fbb5\" data-element_type=\"section\" data-e-type=\"section\">\n\t\t\t\t\t\t<div class=\"elementor-container elementor-column-gap-default\">\n\t\t\t\t\t<div class=\"elementor-column elementor-col-100 elementor-top-column elementor-element elementor-element-160de3c\" data-id=\"160de3c\" data-element_type=\"column\" data-e-type=\"column\">\n\t\t\t<div class=\"elementor-widget-wrap elementor-element-populated\">\n\t\t\t\t\t\t<div class=\"elementor-element elementor-element-9cb9d1c elementor-absolute animated-slow elementor-invisible elementor-widget elementor-widget-text-editor\" data-id=\"9cb9d1c\" data-element_type=\"widget\" data-e-type=\"widget\" data-settings=\"{&quot;_position&quot;:&quot;absolute&quot;,&quot;motion_fx_motion_fx_scrolling&quot;:&quot;yes&quot;,&quot;motion_fx_translateY_effect&quot;:&quot;yes&quot;,&quot;motion_fx_translateY_speed&quot;:{&quot;unit&quot;:&quot;px&quot;,&quot;size&quot;:1,&quot;sizes&quot;:[]},&quot;_animation&quot;:&quot;fadeInUp&quot;,&quot;motion_fx_translateY_affectedRange&quot;:{&quot;unit&quot;:&quot;%&quot;,&quot;size&quot;:&quot;&quot;,&quot;sizes&quot;:{&quot;start&quot;:0,&quot;end&quot;:100}},&quot;motion_fx_devices&quot;:[&quot;desktop&quot;,&quot;tablet&quot;,&quot;mobile&quot;]}\" data-widget_type=\"text-editor.default\">\n\t\t\t\t<div class=\"elementor-widget-container\">\n\t\t\t\t\t\t\t\t\t<h3>Kontakt<\/h3><h4>ESD-Protect<\/h4>\t\t\t\t\t\t\t\t<\/div>\n\t\t\t\t<\/div>\n\t\t\t\t\t<\/div>\n\t\t<\/div>\n\t\t\t\t\t<\/div>\n\t\t<\/section>\n\t\t\t\t<section class=\"elementor-section elementor-top-section elementor-element elementor-element-22afe411 elementor-section-boxed elementor-section-height-default elementor-section-height-default\" data-id=\"22afe411\" data-element_type=\"section\" data-e-type=\"section\" data-settings=\"{&quot;background_background&quot;:&quot;classic&quot;}\">\n\t\t\t\t\t\t<div class=\"elementor-container elementor-column-gap-default\">\n\t\t\t\t\t<div class=\"elementor-column elementor-col-100 elementor-top-column elementor-element elementor-element-5c1988c8\" data-id=\"5c1988c8\" data-element_type=\"column\" data-e-type=\"column\">\n\t\t\t<div class=\"elementor-widget-wrap elementor-element-populated\">\n\t\t\t\t\t\t<section class=\"elementor-section elementor-inner-section elementor-element elementor-element-39386835 elementor-section-full_width elementor-section-height-default elementor-section-height-default\" data-id=\"39386835\" data-element_type=\"section\" data-e-type=\"section\">\n\t\t\t\t\t\t<div class=\"elementor-container elementor-column-gap-no\">\n\t\t\t\t\t<div class=\"elementor-column elementor-col-50 elementor-inner-column elementor-element elementor-element-595cf3c3\" data-id=\"595cf3c3\" data-element_type=\"column\" data-e-type=\"column\">\n\t\t\t<div class=\"elementor-widget-wrap elementor-element-populated\">\n\t\t\t\t\t\t<div class=\"elementor-element elementor-element-4ab2965a elementor-widget__width-auto elementor-widget elementor-widget-heading\" data-id=\"4ab2965a\" data-element_type=\"widget\" data-e-type=\"widget\" data-widget_type=\"heading.default\">\n\t\t\t\t<div class=\"elementor-widget-container\">\n\t\t\t\t\t<h1 class=\"elementor-heading-title elementor-size-default\">Fragen? W\u00fcnsche? R\u00fcckruf?<\/h1>\t\t\t\t<\/div>\n\t\t\t\t<\/div>\n\t\t\t\t<div class=\"elementor-element elementor-element-364ee511 elementor-widget__width-auto elementor-widget elementor-widget-heading\" data-id=\"364ee511\" data-element_type=\"widget\" data-e-type=\"widget\" data-widget_type=\"heading.default\">\n\t\t\t\t<div class=\"elementor-widget-container\">\n\t\t\t\t\t<h2 class=\"elementor-heading-title elementor-size-default\">Wir melden uns gerne bei Ihnen zur\u00fcck.<\/h2>\t\t\t\t<\/div>\n\t\t\t\t<\/div>\n\t\t\t\t<div class=\"elementor-element elementor-element-13f1c8dd elementor-widget elementor-widget-wpforms\" data-id=\"13f1c8dd\" data-element_type=\"widget\" data-e-type=\"widget\" data-widget_type=\"wpforms.default\">\n\t\t\t\t<div class=\"elementor-widget-container\">\n\t\t\t\t\t<div class=\"wpforms-container wpforms-container-full\" id=\"wpforms-933\"><form id=\"wpforms-form-933\" class=\"wpforms-validate wpforms-form wpforms-ajax-form\" data-formid=\"933\" method=\"post\" enctype=\"multipart\/form-data\" action=\"\/de\/wp-json\/wp\/v2\/pages\/489\" data-token=\"ce3cb29201c393d9bb6ff4ef860e01ac\" data-token-time=\"1775685846\"><noscript class=\"wpforms-error-noscript\">Bitte aktiviere JavaScript in deinem Browser, um dieses Formular fertigzustellen.<\/noscript><div class=\"wpforms-field-container\"><div id=\"wpforms-933-field_7-container\" class=\"wpforms-field wpforms-field-checkbox wpforms-list-inline\" data-field-id=\"7\"><label class=\"wpforms-field-label\">Bitte kontaktieren Sie mich<\/label><ul id=\"wpforms-933-field_7\"><li class=\"choice-1 depth-1\"><input type=\"checkbox\" id=\"wpforms-933-field_7_1\" name=\"wpforms[fields][7][]\" value=\"per Mail\"  ><label class=\"wpforms-field-label-inline\" for=\"wpforms-933-field_7_1\">per Mail<\/label><\/li><li class=\"choice-2 depth-1\"><input type=\"checkbox\" id=\"wpforms-933-field_7_2\" name=\"wpforms[fields][7][]\" value=\"per Telefon\"  ><label class=\"wpforms-field-label-inline\" for=\"wpforms-933-field_7_2\">per Telefon<\/label><\/li><\/ul><\/div><div id=\"wpforms-933-field_8-container\" class=\"wpforms-field wpforms-field-html\" data-field-id=\"8\"><div id=\"wpforms-933-field_8\"><p style=\"font-size: 16px;\"><strong>Ich bin am besten erreichbar:<\/strong><\/p><\/div><\/div><div id=\"wpforms-933-field_1-container\" class=\"wpforms-field wpforms-field-email\" data-field-id=\"1\"><label class=\"wpforms-field-label\" for=\"wpforms-933-field_1\">E-Mail <span class=\"wpforms-required-label\">*<\/span><\/label><input type=\"email\" id=\"wpforms-933-field_1\" class=\"wpforms-field-medium wpforms-field-required\" name=\"wpforms[fields][1]\" spellcheck=\"false\" required><\/div><div id=\"wpforms-933-field_3-container\" class=\"wpforms-field wpforms-field-phone\" data-field-id=\"3\"><label class=\"wpforms-field-label\" for=\"wpforms-933-field_3\">Telefonnummer<\/label><input type=\"tel\" id=\"wpforms-933-field_3\" class=\"wpforms-field-medium wpforms-smart-phone-field\" data-rule-smart-phone-field=\"true\" name=\"wpforms[fields][3]\" aria-label=\"Telefonnummer\" ><\/div><div id=\"wpforms-933-field_0-container\" class=\"wpforms-field wpforms-field-name\" data-field-id=\"0\"><label class=\"wpforms-field-label\" for=\"wpforms-933-field_0\">Name <span class=\"wpforms-required-label\">*<\/span><\/label><input type=\"text\" id=\"wpforms-933-field_0\" class=\"wpforms-field-medium wpforms-field-required\" name=\"wpforms[fields][0]\" required><\/div><div id=\"wpforms-933-field_6-container\" class=\"wpforms-field wpforms-field-text\" data-field-id=\"6\"><label class=\"wpforms-field-label\" for=\"wpforms-933-field_6\">Firma<\/label><input type=\"text\" id=\"wpforms-933-field_6\" class=\"wpforms-field-medium\" name=\"wpforms[fields][6]\" ><\/div><div id=\"wpforms-933-field_2-container\" class=\"wpforms-field wpforms-field-textarea\" data-field-id=\"2\"><label class=\"wpforms-field-label\" for=\"wpforms-933-field_2\">Ihre Nachricht <span class=\"wpforms-required-label\">*<\/span><\/label><textarea id=\"wpforms-933-field_2\" class=\"wpforms-field-medium wpforms-field-required\" name=\"wpforms[fields][2]\" required><\/textarea><\/div><div id=\"wpforms-933-field_4-container\" class=\"wpforms-field wpforms-field-checkbox\" data-field-id=\"4\"><label class=\"wpforms-field-label\">Datenschutz<\/label><ul id=\"wpforms-933-field_4\"><li class=\"choice-1 depth-1\"><input type=\"checkbox\" id=\"wpforms-933-field_4_1\" name=\"wpforms[fields][4][]\" value=\"Ich habe die &lt;a class=&quot;link-3&quot; target=&quot;_blank&quot; href=&quot;https:\/\/www.esd-protect.de\/de\/datenschutz\/&quot;&gt;Datenschutzbestimmungen&lt;\/a&gt; gelesen\"  ><label class=\"wpforms-field-label-inline\" for=\"wpforms-933-field_4_1\">Ich habe die <a class=\"link-3\" target=\"_blank\" href=\"https:\/\/www.esd-protect.de\/de\/datenschutz\/\">Datenschutzbestimmungen<\/a> gelesen<\/label><\/li><\/ul><\/div><\/div><!-- .wpforms-field-container --><div class=\"wpforms-submit-container\" ><input type=\"hidden\" name=\"wpforms[id]\" value=\"933\"><input type=\"hidden\" name=\"page_title\" value=\"\"><input type=\"hidden\" name=\"page_url\" value=\"https:\/\/www.esd-protect.de\/de\/wp-json\/wp\/v2\/pages\/489\"><input type=\"hidden\" name=\"url_referer\" value=\"\"><div class=\"frc-captcha \" data-sitekey=\"FCMPTC21N8CD4S60\" data-lang=\"de\" ><\/div>\n\t\t<noscript>You need to enable Javascript for the anti-spam check.<\/noscript><button type=\"submit\" name=\"wpforms[submit]\" id=\"wpforms-submit-933\" class=\"wpforms-submit btn-blue\" data-alt-text=\"Senden\u2026\" data-submit-text=\"Absenden\" aria-live=\"assertive\" value=\"wpforms-submit\">Absenden<\/button><img decoding=\"async\" src=\"https:\/\/www.esd-protect.de\/wp-content\/plugins\/wpforms\/assets\/images\/submit-spin.svg\" class=\"wpforms-submit-spinner\" style=\"display: none;\" width=\"26\" height=\"26\" alt=\"Wird geladen\"><\/div><\/form><\/div>  <!-- .wpforms-container -->\t\t\t\t<\/div>\n\t\t\t\t<\/div>\n\t\t\t\t\t<\/div>\n\t\t<\/div>\n\t\t\t\t<div class=\"elementor-column elementor-col-50 elementor-inner-column elementor-element elementor-element-6cb97dc4\" data-id=\"6cb97dc4\" data-element_type=\"column\" data-e-type=\"column\">\n\t\t\t<div class=\"elementor-widget-wrap elementor-element-populated\">\n\t\t\t\t\t\t<div class=\"elementor-element elementor-element-1dbdf02 elementor-widget__width-auto elementor-widget elementor-widget-heading\" data-id=\"1dbdf02\" data-element_type=\"widget\" data-e-type=\"widget\" data-widget_type=\"heading.default\">\n\t\t\t\t<div class=\"elementor-widget-container\">\n\t\t\t\t\t<h3 class=\"elementor-heading-title elementor-size-default\">Hier finden Sie uns:<\/h3>\t\t\t\t<\/div>\n\t\t\t\t<\/div>\n\t\t\t\t<div class=\"elementor-element elementor-element-06105a9 elementor-widget elementor-widget-text-editor\" data-id=\"06105a9\" data-element_type=\"widget\" data-e-type=\"widget\" data-widget_type=\"text-editor.default\">\n\t\t\t\t<div class=\"elementor-widget-container\">\n\t\t\t\t\t\t\t\t\t<p><strong>ESD-PROTECT GmbH<\/strong><\/p><p>Industriestra\u00dfe 27 <br \/>56276 Gro\u00dfmaischeid<\/p>\t\t\t\t\t\t\t\t<\/div>\n\t\t\t\t<\/div>\n\t\t\t\t<div class=\"elementor-element elementor-element-59635dd0 elementor-widget__width-auto elementor-widget elementor-widget-heading\" data-id=\"59635dd0\" data-element_type=\"widget\" data-e-type=\"widget\" data-widget_type=\"heading.default\">\n\t\t\t\t<div class=\"elementor-widget-container\">\n\t\t\t\t\t<h3 class=\"elementor-heading-title elementor-size-default\">Google Maps <\/h3>\t\t\t\t<\/div>\n\t\t\t\t<\/div>\n\t\t\t\t<div class=\"elementor-element elementor-element-44e38377 elementor-widget elementor-widget-google_maps\" data-id=\"44e38377\" data-element_type=\"widget\" data-e-type=\"widget\" data-widget_type=\"google_maps.default\">\n\t\t\t\t<div class=\"elementor-widget-container\">\n\t\t\t\t\t\t\t<div class=\"elementor-custom-embed\">\n\t\t\t<iframe loading=\"lazy\"\n\t\t\t\t\tsrc=\"https:\/\/maps.google.com\/maps?q=ESD-Protect%20GmbH%20Industriestra%C3%9Fe%2027%2056276%20Gro%C3%9Fmaischeid&#038;t=m&#038;z=10&#038;output=embed&#038;iwloc=near\"\n\t\t\t\t\ttitle=\"ESD-Protect GmbH Industriestra\u00dfe 27 56276 Gro\u00dfmaischeid\"\n\t\t\t\t\taria-label=\"ESD-Protect GmbH Industriestra\u00dfe 27 56276 Gro\u00dfmaischeid\"\n\t\t\t><\/iframe>\n\t\t<\/div>\n\t\t\t\t\t\t<\/div>\n\t\t\t\t<\/div>\n\t\t\t\t\t<\/div>\n\t\t<\/div>\n\t\t\t\t\t<\/div>\n\t\t<\/section>\n\t\t\t\t\t<\/div>\n\t\t<\/div>\n\t\t\t\t\t<\/div>\n\t\t<\/section>\n\t\t\t\t<\/div>\n\t\t","protected":false},"excerpt":{"rendered":"<p>Kontakt ESD-Protect Fragen? W\u00fcnsche? R\u00fcckruf? Wir melden uns gerne bei Ihnen zur\u00fcck. Bitte aktiviere JavaScript in deinem Browser, um dieses Formular fertigzustellen.Bitte kontaktieren Sie mich per Mail per Telefon Ich bin am besten erreichbar: E-Mail *Telefonnummer Name *FirmaIhre Nachricht *Datenschutz Ich habe die Datenschutzbestimmungen gelesen You need to enable Javascript for the anti-spam check.Absenden Hier [&hellip;]<\/p>\n","protected":false},"author":1,"featured_media":0,"parent":534,"menu_order":0,"comment_status":"closed","ping_status":"closed","template":"","meta":{"_acf_changed":false,"inline_featured_image":false,"footnotes":""},"class_list":["post-489","page","type-page","status-publish","hentry"],"acf":[],"yoast_head":"<!-- This site is optimized with the Yoast SEO plugin v27.3 - https:\/\/yoast.com\/product\/yoast-seo-wordpress\/ -->\n<title>ESD-Protect GmbH | Kontakt | Schutz gegen Elektrostatik<\/title>\n<meta name=\"description\" content=\"Nehmen Sie Kontakt mit uns auf: Wir freuen uns auf Ihre Nachricht! Sie k\u00f6nnen gerne auch einen R\u00fcckruf vereinbaren.\" \/>\n<meta name=\"robots\" content=\"index, follow, max-snippet:-1, max-image-preview:large, max-video-preview:-1\" \/>\n<link rel=\"canonical\" href=\"https:\/\/www.esd-protect.de\/de\/unternehmen\/kontakt\/\" \/>\n<meta property=\"og:locale\" content=\"de_DE\" \/>\n<meta property=\"og:type\" content=\"article\" \/>\n<meta property=\"og:title\" content=\"ESD-Protect GmbH | Kontakt | Schutz gegen Elektrostatik\" \/>\n<meta property=\"og:description\" content=\"Nehmen Sie Kontakt mit uns auf: Wir freuen uns auf Ihre Nachricht! Sie k\u00f6nnen gerne auch einen R\u00fcckruf vereinbaren.\" \/>\n<meta property=\"og:url\" content=\"https:\/\/www.esd-protect.de\/de\/unternehmen\/kontakt\/\" \/>\n<meta property=\"og:site_name\" content=\"ESD-PROTECT\" \/>\n<meta property=\"article:modified_time\" content=\"2025-11-11T11:10:12+00:00\" \/>\n<meta property=\"og:image\" content=\"https:\/\/www.esd-protect.de\/wp-content\/uploads\/2025\/10\/header-historie.jpg\" \/>\n\t<meta property=\"og:image:width\" content=\"1920\" \/>\n\t<meta property=\"og:image:height\" content=\"796\" \/>\n\t<meta property=\"og:image:type\" content=\"image\/jpeg\" \/>\n<meta name=\"twitter:card\" content=\"summary_large_image\" \/>\n<meta name=\"twitter:label1\" content=\"Gesch\u00e4tzte Lesezeit\" \/>\n\t<meta name=\"twitter:data1\" content=\"1\u00a0Minute\" \/>\n<script type=\"application\/ld+json\" class=\"yoast-schema-graph\">{\"@context\":\"https:\\\/\\\/schema.org\",\"@graph\":[{\"@type\":\"WebPage\",\"@id\":\"https:\\\/\\\/www.esd-protect.de\\\/de\\\/unternehmen\\\/kontakt\\\/\",\"url\":\"https:\\\/\\\/www.esd-protect.de\\\/de\\\/unternehmen\\\/kontakt\\\/\",\"name\":\"ESD-Protect GmbH | Kontakt | Schutz gegen Elektrostatik\",\"isPartOf\":{\"@id\":\"https:\\\/\\\/www.esd-protect.de\\\/de\\\/#website\"},\"primaryImageOfPage\":{\"@id\":\"https:\\\/\\\/www.esd-protect.de\\\/de\\\/unternehmen\\\/kontakt\\\/#primaryimage\"},\"image\":{\"@id\":\"https:\\\/\\\/www.esd-protect.de\\\/de\\\/unternehmen\\\/kontakt\\\/#primaryimage\"},\"thumbnailUrl\":\"https:\\\/\\\/www.esd-protect.de\\\/wp-content\\\/uploads\\\/2025\\\/10\\\/header-historie.jpg\",\"datePublished\":\"2022-11-21T14:50:43+00:00\",\"dateModified\":\"2025-11-11T11:10:12+00:00\",\"description\":\"Nehmen Sie Kontakt mit uns auf: Wir freuen uns auf Ihre Nachricht! Sie k\u00f6nnen gerne auch einen R\u00fcckruf vereinbaren.\",\"breadcrumb\":{\"@id\":\"https:\\\/\\\/www.esd-protect.de\\\/de\\\/unternehmen\\\/kontakt\\\/#breadcrumb\"},\"inLanguage\":\"de\",\"potentialAction\":[{\"@type\":\"ReadAction\",\"target\":[\"https:\\\/\\\/www.esd-protect.de\\\/de\\\/unternehmen\\\/kontakt\\\/\"]}]},{\"@type\":\"ImageObject\",\"inLanguage\":\"de\",\"@id\":\"https:\\\/\\\/www.esd-protect.de\\\/de\\\/unternehmen\\\/kontakt\\\/#primaryimage\",\"url\":\"https:\\\/\\\/www.esd-protect.de\\\/wp-content\\\/uploads\\\/2025\\\/10\\\/header-historie.jpg\",\"contentUrl\":\"https:\\\/\\\/www.esd-protect.de\\\/wp-content\\\/uploads\\\/2025\\\/10\\\/header-historie.jpg\"},{\"@type\":\"BreadcrumbList\",\"@id\":\"https:\\\/\\\/www.esd-protect.de\\\/de\\\/unternehmen\\\/kontakt\\\/#breadcrumb\",\"itemListElement\":[{\"@type\":\"ListItem\",\"position\":1,\"name\":\"Startseite\",\"item\":\"https:\\\/\\\/www.esd-protect.de\\\/de\\\/\"},{\"@type\":\"ListItem\",\"position\":2,\"name\":\"Unternehmen\",\"item\":\"https:\\\/\\\/www.esd-protect.de\\\/de\\\/unternehmen\\\/\"},{\"@type\":\"ListItem\",\"position\":3,\"name\":\"Kontakt\"}]},{\"@type\":\"WebSite\",\"@id\":\"https:\\\/\\\/www.esd-protect.de\\\/de\\\/#website\",\"url\":\"https:\\\/\\\/www.esd-protect.de\\\/de\\\/\",\"name\":\"ESD-PROTECT\",\"description\":\"\",\"publisher\":{\"@id\":\"https:\\\/\\\/www.esd-protect.de\\\/de\\\/#organization\"},\"potentialAction\":[{\"@type\":\"SearchAction\",\"target\":{\"@type\":\"EntryPoint\",\"urlTemplate\":\"https:\\\/\\\/www.esd-protect.de\\\/de\\\/?s={search_term_string}\"},\"query-input\":{\"@type\":\"PropertyValueSpecification\",\"valueRequired\":true,\"valueName\":\"search_term_string\"}}],\"inLanguage\":\"de\"},{\"@type\":\"Organization\",\"@id\":\"https:\\\/\\\/www.esd-protect.de\\\/de\\\/#organization\",\"name\":\"ESD-Protect GmbH\",\"url\":\"https:\\\/\\\/www.esd-protect.de\\\/de\\\/\",\"logo\":{\"@type\":\"ImageObject\",\"inLanguage\":\"de\",\"@id\":\"https:\\\/\\\/www.esd-protect.de\\\/de\\\/#\\\/schema\\\/logo\\\/image\\\/\",\"url\":\"https:\\\/\\\/www.esd-protect.de\\\/wp-content\\\/uploads\\\/2022\\\/11\\\/Logo-EP-rot-web.png\",\"contentUrl\":\"https:\\\/\\\/www.esd-protect.de\\\/wp-content\\\/uploads\\\/2022\\\/11\\\/Logo-EP-rot-web.png\",\"width\":368,\"height\":93,\"caption\":\"ESD-Protect GmbH\"},\"image\":{\"@id\":\"https:\\\/\\\/www.esd-protect.de\\\/de\\\/#\\\/schema\\\/logo\\\/image\\\/\"}}]}<\/script>\n<!-- \/ Yoast SEO plugin. -->","yoast_head_json":{"title":"ESD-Protect GmbH | Kontakt | Schutz gegen Elektrostatik","description":"Nehmen Sie Kontakt mit uns auf: Wir freuen uns auf Ihre Nachricht! Sie k\u00f6nnen gerne auch einen R\u00fcckruf vereinbaren.","robots":{"index":"index","follow":"follow","max-snippet":"max-snippet:-1","max-image-preview":"max-image-preview:large","max-video-preview":"max-video-preview:-1"},"canonical":"https:\/\/www.esd-protect.de\/de\/unternehmen\/kontakt\/","og_locale":"de_DE","og_type":"article","og_title":"ESD-Protect GmbH | Kontakt | Schutz gegen Elektrostatik","og_description":"Nehmen Sie Kontakt mit uns auf: Wir freuen uns auf Ihre Nachricht! Sie k\u00f6nnen gerne auch einen R\u00fcckruf vereinbaren.","og_url":"https:\/\/www.esd-protect.de\/de\/unternehmen\/kontakt\/","og_site_name":"ESD-PROTECT","article_modified_time":"2025-11-11T11:10:12+00:00","og_image":[{"width":1920,"height":796,"url":"https:\/\/www.esd-protect.de\/wp-content\/uploads\/2025\/10\/header-historie.jpg","type":"image\/jpeg"}],"twitter_card":"summary_large_image","twitter_misc":{"Gesch\u00e4tzte Lesezeit":"1\u00a0Minute"},"schema":{"@context":"https:\/\/schema.org","@graph":[{"@type":"WebPage","@id":"https:\/\/www.esd-protect.de\/de\/unternehmen\/kontakt\/","url":"https:\/\/www.esd-protect.de\/de\/unternehmen\/kontakt\/","name":"ESD-Protect GmbH | Kontakt | Schutz gegen Elektrostatik","isPartOf":{"@id":"https:\/\/www.esd-protect.de\/de\/#website"},"primaryImageOfPage":{"@id":"https:\/\/www.esd-protect.de\/de\/unternehmen\/kontakt\/#primaryimage"},"image":{"@id":"https:\/\/www.esd-protect.de\/de\/unternehmen\/kontakt\/#primaryimage"},"thumbnailUrl":"https:\/\/www.esd-protect.de\/wp-content\/uploads\/2025\/10\/header-historie.jpg","datePublished":"2022-11-21T14:50:43+00:00","dateModified":"2025-11-11T11:10:12+00:00","description":"Nehmen Sie Kontakt mit uns auf: Wir freuen uns auf Ihre Nachricht! Sie k\u00f6nnen gerne auch einen R\u00fcckruf vereinbaren.","breadcrumb":{"@id":"https:\/\/www.esd-protect.de\/de\/unternehmen\/kontakt\/#breadcrumb"},"inLanguage":"de","potentialAction":[{"@type":"ReadAction","target":["https:\/\/www.esd-protect.de\/de\/unternehmen\/kontakt\/"]}]},{"@type":"ImageObject","inLanguage":"de","@id":"https:\/\/www.esd-protect.de\/de\/unternehmen\/kontakt\/#primaryimage","url":"https:\/\/www.esd-protect.de\/wp-content\/uploads\/2025\/10\/header-historie.jpg","contentUrl":"https:\/\/www.esd-protect.de\/wp-content\/uploads\/2025\/10\/header-historie.jpg"},{"@type":"BreadcrumbList","@id":"https:\/\/www.esd-protect.de\/de\/unternehmen\/kontakt\/#breadcrumb","itemListElement":[{"@type":"ListItem","position":1,"name":"Startseite","item":"https:\/\/www.esd-protect.de\/de\/"},{"@type":"ListItem","position":2,"name":"Unternehmen","item":"https:\/\/www.esd-protect.de\/de\/unternehmen\/"},{"@type":"ListItem","position":3,"name":"Kontakt"}]},{"@type":"WebSite","@id":"https:\/\/www.esd-protect.de\/de\/#website","url":"https:\/\/www.esd-protect.de\/de\/","name":"ESD-PROTECT","description":"","publisher":{"@id":"https:\/\/www.esd-protect.de\/de\/#organization"},"potentialAction":[{"@type":"SearchAction","target":{"@type":"EntryPoint","urlTemplate":"https:\/\/www.esd-protect.de\/de\/?s={search_term_string}"},"query-input":{"@type":"PropertyValueSpecification","valueRequired":true,"valueName":"search_term_string"}}],"inLanguage":"de"},{"@type":"Organization","@id":"https:\/\/www.esd-protect.de\/de\/#organization","name":"ESD-Protect GmbH","url":"https:\/\/www.esd-protect.de\/de\/","logo":{"@type":"ImageObject","inLanguage":"de","@id":"https:\/\/www.esd-protect.de\/de\/#\/schema\/logo\/image\/","url":"https:\/\/www.esd-protect.de\/wp-content\/uploads\/2022\/11\/Logo-EP-rot-web.png","contentUrl":"https:\/\/www.esd-protect.de\/wp-content\/uploads\/2022\/11\/Logo-EP-rot-web.png","width":368,"height":93,"caption":"ESD-Protect GmbH"},"image":{"@id":"https:\/\/www.esd-protect.de\/de\/#\/schema\/logo\/image\/"}}]}},"_links":{"self":[{"href":"https:\/\/www.esd-protect.de\/de\/wp-json\/wp\/v2\/pages\/489","targetHints":{"allow":["GET"]}}],"collection":[{"href":"https:\/\/www.esd-protect.de\/de\/wp-json\/wp\/v2\/pages"}],"about":[{"href":"https:\/\/www.esd-protect.de\/de\/wp-json\/wp\/v2\/types\/page"}],"author":[{"embeddable":true,"href":"https:\/\/www.esd-protect.de\/de\/wp-json\/wp\/v2\/users\/1"}],"replies":[{"embeddable":true,"href":"https:\/\/www.esd-protect.de\/de\/wp-json\/wp\/v2\/comments?post=489"}],"version-history":[{"count":43,"href":"https:\/\/www.esd-protect.de\/de\/wp-json\/wp\/v2\/pages\/489\/revisions"}],"predecessor-version":[{"id":8864,"href":"https:\/\/www.esd-protect.de\/de\/wp-json\/wp\/v2\/pages\/489\/revisions\/8864"}],"up":[{"embeddable":true,"href":"https:\/\/www.esd-protect.de\/de\/wp-json\/wp\/v2\/pages\/534"}],"wp:attachment":[{"href":"https:\/\/www.esd-protect.de\/de\/wp-json\/wp\/v2\/media?parent=489"}],"curies":[{"name":"wp","href":"https:\/\/api.w.org\/{rel}","templated":true}]}}